{"id":334,"date":"2024-02-03T15:13:58","date_gmt":"2024-02-03T15:13:58","guid":{"rendered":"https:\/\/creagil.fr\/?page_id=334"},"modified":"2024-03-01T08:26:39","modified_gmt":"2024-03-01T08:26:39","slug":"realisations-sur-bois","status":"publish","type":"page","link":"https:\/\/creagil.fr\/index.php\/realisations-sur-bois\/","title":{"rendered":"R\u00e9alisations sur bois"},"content":{"rendered":"\n<h2 class=\"wp-block-heading\"> <\/h2>\n\n\n\n<div class=\"wp-block-group alignfull has-global-padding is-layout-constrained wp-block-group-is-layout-constrained\" style=\"margin-top:0;margin-bottom:0;padding-top:var(--wp--preset--spacing--50);padding-right:var(--wp--preset--spacing--50);padding-bottom:var(--wp--preset--spacing--50);padding-left:var(--wp--preset--spacing--50)\">\n<div class=\"wp-block-group is-vertical is-content-justification-center is-layout-flex wp-container-core-group-layout-1 wp-block-group-is-layout-flex\">\n<h2 class=\"wp-block-heading\">R\u00e9alisations sur bois<\/h2>\n<\/div>\n\n\n\n<div style=\"height:var(--wp--preset--spacing--30)\" aria-hidden=\"true\" class=\"wp-block-spacer\"><\/div>\n\n\n\n<div class=\"wp-block-columns alignwide is-layout-flex wp-container-core-columns-layout-1 wp-block-columns-is-layout-flex\" style=\"padding-right:0;padding-left:0\">\n<div class=\"wp-block-column is-layout-flow wp-block-column-is-layout-flow\">\n<figure class=\"wp-block-image aligncenter size-full is-resized is-style-rounded\"><a href=\"https:\/\/creagil.fr\/index.php\/product-category\/objets-de-decoration\/\"><img loading=\"lazy\" decoding=\"async\" width=\"510\" height=\"568\" src=\"https:\/\/creagil.fr\/wp-content\/uploads\/2024\/02\/cheval.png\" alt=\"\" class=\"wp-image-547\" style=\"aspect-ratio:1;object-fit:cover;width:186px;height:auto\" srcset=\"https:\/\/creagil.fr\/wp-content\/uploads\/2024\/02\/cheval.png 510w, https:\/\/creagil.fr\/wp-content\/uploads\/2024\/02\/cheval-90x100.png 90w, https:\/\/creagil.fr\/wp-content\/uploads\/2024\/02\/cheval-449x500.png 449w\" sizes=\"(max-width: 510px) 100vw, 510px\" \/><\/a><\/figure>\n\n\n\n<div class=\"wp-block-group is-vertical is-content-justification-center is-nowrap is-layout-flex wp-container-core-group-layout-2 wp-block-group-is-layout-flex\">\n<p class=\"has-text-align-center has-small-font-size\">Objets de d\u00e9coration<\/p>\n<\/div>\n<\/div>\n\n\n\n<div class=\"wp-block-column is-layout-flow wp-block-column-is-layout-flow\">\n<figure class=\"wp-block-image aligncenter size-full is-resized is-style-rounded\"><a href=\"https:\/\/creagil.fr\/index.php\/product-category\/decorations-de-noel\/\"><img loading=\"lazy\" decoding=\"async\" width=\"510\" height=\"523\" src=\"https:\/\/creagil.fr\/wp-content\/uploads\/2024\/02\/bouleprenom3.png\" alt=\"\" class=\"wp-image-532\" style=\"aspect-ratio:1;object-fit:cover;width:189px;height:auto\" srcset=\"https:\/\/creagil.fr\/wp-content\/uploads\/2024\/02\/bouleprenom3.png 510w, https:\/\/creagil.fr\/wp-content\/uploads\/2024\/02\/bouleprenom3-98x100.png 98w, https:\/\/creagil.fr\/wp-content\/uploads\/2024\/02\/bouleprenom3-488x500.png 488w\" sizes=\"(max-width: 510px) 100vw, 510px\" \/><\/a><\/figure>\n\n\n\n<div class=\"wp-block-group is-vertical is-content-justification-center is-nowrap is-layout-flex wp-container-core-group-layout-3 wp-block-group-is-layout-flex\">\n<p class=\"has-small-font-size\">D\u00e9corations de No\u00ebl<\/p>\n<\/div>\n<\/div>\n\n\n\n<div class=\"wp-block-column is-layout-flow wp-block-column-is-layout-flow\">\n<figure class=\"wp-block-image aligncenter size-full is-resized is-style-rounded\"><a href=\"https:\/\/creagil.fr\/index.php\/product-category\/decoration-de-paques\/\"><img loading=\"lazy\" decoding=\"async\" width=\"510\" height=\"463\" src=\"https:\/\/creagil.fr\/wp-content\/uploads\/2024\/02\/Lapinbrouette.png\" alt=\"\" class=\"wp-image-558\" style=\"aspect-ratio:1;object-fit:cover;width:192px;height:auto\" srcset=\"https:\/\/creagil.fr\/wp-content\/uploads\/2024\/02\/Lapinbrouette.png 510w, https:\/\/creagil.fr\/wp-content\/uploads\/2024\/02\/Lapinbrouette-100x91.png 100w, https:\/\/creagil.fr\/wp-content\/uploads\/2024\/02\/Lapinbrouette-500x454.png 500w\" sizes=\"(max-width: 510px) 100vw, 510px\" \/><\/a><\/figure>\n\n\n\n<div class=\"wp-block-group is-vertical is-content-justification-center is-nowrap is-layout-flex wp-container-core-group-layout-4 wp-block-group-is-layout-flex\">\n<p class=\"has-text-align-center has-small-font-size\"> D\u00e9corations de P\u00e2ques <\/p>\n<\/div>\n<\/div>\n<\/div>\n<\/div>\n","protected":false},"excerpt":{"rendered":"<p>R\u00e9alisations sur bois Objets de d\u00e9coration D\u00e9corations de No\u00ebl D\u00e9corations de P\u00e2ques<\/p>\n","protected":false},"author":1,"featured_media":0,"parent":0,"menu_order":0,"comment_status":"closed","ping_status":"closed","template":"","meta":{"footnotes":""},"jetpack_sharing_enabled":true,"_links":{"self":[{"href":"https:\/\/creagil.fr\/index.php\/wp-json\/wp\/v2\/pages\/334"}],"collection":[{"href":"https:\/\/creagil.fr\/index.php\/wp-json\/wp\/v2\/pages"}],"about":[{"href":"https:\/\/creagil.fr\/index.php\/wp-json\/wp\/v2\/types\/page"}],"author":[{"embeddable":true,"href":"https:\/\/creagil.fr\/index.php\/wp-json\/wp\/v2\/users\/1"}],"replies":[{"embeddable":true,"href":"https:\/\/creagil.fr\/index.php\/wp-json\/wp\/v2\/comments?post=334"}],"version-history":[{"count":14,"href":"https:\/\/creagil.fr\/index.php\/wp-json\/wp\/v2\/pages\/334\/revisions"}],"predecessor-version":[{"id":773,"href":"https:\/\/creagil.fr\/index.php\/wp-json\/wp\/v2\/pages\/334\/revisions\/773"}],"wp:attachment":[{"href":"https:\/\/creagil.fr\/index.php\/wp-json\/wp\/v2\/media?parent=334"}],"curies":[{"name":"wp","href":"https:\/\/api.w.org\/{rel}","templated":true}]}}