{"id":842,"date":"2024-03-03T16:53:34","date_gmt":"2024-03-03T16:53:34","guid":{"rendered":"https:\/\/creagil.fr\/?page_id=842"},"modified":"2024-03-03T16:53:34","modified_gmt":"2024-03-03T16:53:34","slug":"calendrier-anniversaire","status":"publish","type":"page","link":"https:\/\/creagil.fr\/index.php\/calendrier-anniversaire\/","title":{"rendered":"Calendrier anniversaire"},"content":{"rendered":"\n<figure class=\"wp-block-image aligncenter size-large\"><img loading=\"lazy\" decoding=\"async\" width=\"500\" height=\"396\" src=\"https:\/\/creagil.fr\/wp-content\/uploads\/2024\/02\/calanniversaire-1-500x396.png\" alt=\"\" class=\"wp-image-606\" srcset=\"https:\/\/creagil.fr\/wp-content\/uploads\/2024\/02\/calanniversaire-1-500x396.png 500w, https:\/\/creagil.fr\/wp-content\/uploads\/2024\/02\/calanniversaire-1-100x79.png 100w, https:\/\/creagil.fr\/wp-content\/uploads\/2024\/02\/calanniversaire-1.png 510w\" sizes=\"(max-width: 500px) 100vw, 500px\" \/><\/figure>\n\n\n<div class=\"wpforms-container wpforms-container-full wpforms-block wpforms-block-b03796bf-cf4e-45b0-9831-9b51578dc1b8 wpforms-render-modern\" id=\"wpforms-839\"><form id=\"wpforms-form-839\" class=\"wpforms-validate wpforms-form wpforms-ajax-form\" data-formid=\"839\" method=\"post\" enctype=\"multipart\/form-data\" action=\"\/index.php\/wp-json\/wp\/v2\/pages\/842\" data-token=\"edb3c15ada2a4dcc36b7ff95e831f38f\" data-token-time=\"1775380437\"><noscript class=\"wpforms-error-noscript\">Veuillez activer JavaScript dans votre navigateur pour remplir ce formulaire.<\/noscript><div id=\"wpforms-error-noscript\" style=\"display: none;\">Veuillez activer JavaScript dans votre navigateur pour remplir ce formulaire.<\/div><div class=\"wpforms-field-container\"><div id=\"wpforms-839-field_0-container\" class=\"wpforms-field wpforms-field-name\" data-field-id=\"0\"><fieldset><legend class=\"wpforms-field-label\">Nom <span class=\"wpforms-required-label\" aria-hidden=\"true\">*<\/span><\/legend><div class=\"wpforms-field-row wpforms-field-medium\"><div class=\"wpforms-field-row-block wpforms-first wpforms-one-half\"><input type=\"text\" id=\"wpforms-839-field_0\" class=\"wpforms-field-name-first wpforms-field-required\" name=\"wpforms[fields][0][first]\" aria-errormessage=\"wpforms-839-field_0-error\" required><label for=\"wpforms-839-field_0\" class=\"wpforms-field-sublabel after\">Pr\u00e9nom<\/label><\/div><div class=\"wpforms-field-row-block wpforms-one-half\"><input type=\"text\" id=\"wpforms-839-field_0-last\" class=\"wpforms-field-name-last wpforms-field-required\" name=\"wpforms[fields][0][last]\" aria-errormessage=\"wpforms-839-field_0-last-error\" required><label for=\"wpforms-839-field_0-last\" class=\"wpforms-field-sublabel after\">Nom<\/label><\/div><\/div><\/fieldset><\/div><div id=\"wpforms-839-field_1-container\" class=\"wpforms-field wpforms-field-email\" data-field-id=\"1\"><label class=\"wpforms-field-label\" for=\"wpforms-839-field_1\">E-mail <span class=\"wpforms-required-label\" aria-hidden=\"true\">*<\/span><\/label><input type=\"email\" id=\"wpforms-839-field_1\" class=\"wpforms-field-medium wpforms-field-required\" name=\"wpforms[fields][1]\" spellcheck=\"false\" aria-errormessage=\"wpforms-839-field_1-error\" required><\/div><div id=\"wpforms-839-field_3-container\" class=\"wpforms-field wpforms-field-text\" data-field-id=\"3\"><label class=\"wpforms-field-label\" for=\"wpforms-839-field_3\">T\u00e9l\u00e9phone<\/label><input type=\"text\" id=\"wpforms-839-field_3\" class=\"wpforms-field-medium\" name=\"wpforms[fields][3]\" aria-errormessage=\"wpforms-839-field_3-error\" ><\/div><div id=\"wpforms-839-field_2-container\" class=\"wpforms-field wpforms-field-textarea\" data-field-id=\"2\"><label class=\"wpforms-field-label\" for=\"wpforms-839-field_2\">Pr\u00e9noms et date \u00e0 graver sur les ronds. <span class=\"wpforms-required-label\" aria-hidden=\"true\">*<\/span><\/label><textarea id=\"wpforms-839-field_2\" class=\"wpforms-field-medium wpforms-field-required\" name=\"wpforms[fields][2]\" aria-errormessage=\"wpforms-839-field_2-error\" aria-describedby=\"wpforms-839-field_2-description\" required><\/textarea><div id=\"wpforms-839-field_2-description\" class=\"wpforms-field-description\">Jour pr\u00e9nom mois ; jour pr\u00e9nom mois ; jour  pr\u00e9nom mois ; &#8230; Bien s\u00e9parer par un \u00ab\u00a0;\u00a0\u00bb\r\nExemple : 6 CreaGil juillet ; 7 Albert juin ;\r\nAttention : 1\u00e8re lettre majuscule les autres en minuscule avec accent si besoin. Si pr\u00e9nom avec un \u00ab\u00a0&#8211;\u00a0\u00bb 2 majuscules. Ex : Jean-St\u00e9phane. Les pr\u00e9noms grav\u00e9s seront un copi\u00e9 coll\u00e9.<\/div><\/div><\/div><!-- .wpforms-field-container --><div class=\"wpforms-submit-container\" ><input type=\"hidden\" name=\"wpforms[id]\" value=\"839\"><input type=\"hidden\" name=\"page_title\" value=\"\"><input type=\"hidden\" name=\"page_url\" value=\"https:\/\/creagil.fr\/index.php\/wp-json\/wp\/v2\/pages\/842\"><input type=\"hidden\" name=\"url_referer\" value=\"\"><button type=\"submit\" name=\"wpforms[submit]\" id=\"wpforms-submit-839\" class=\"wpforms-submit\" data-alt-text=\"Envoi...\" data-submit-text=\"Envoyer\" aria-live=\"assertive\" value=\"wpforms-submit\">Envoyer<\/button><img loading=\"lazy\" decoding=\"async\" src=\"https:\/\/creagil.fr\/wp-content\/plugins\/wpforms-lite\/assets\/images\/submit-spin.svg\" class=\"wpforms-submit-spinner\" style=\"display: none;\" width=\"26\" height=\"26\" alt=\"Chargement en cours\"><\/div><\/form><\/div>  <!-- .wpforms-container -->","protected":false},"excerpt":{"rendered":"","protected":false},"author":1,"featured_media":0,"parent":0,"menu_order":0,"comment_status":"closed","ping_status":"closed","template":"","meta":{"footnotes":""},"jetpack_sharing_enabled":true,"_links":{"self":[{"href":"https:\/\/creagil.fr\/index.php\/wp-json\/wp\/v2\/pages\/842"}],"collection":[{"href":"https:\/\/creagil.fr\/index.php\/wp-json\/wp\/v2\/pages"}],"about":[{"href":"https:\/\/creagil.fr\/index.php\/wp-json\/wp\/v2\/types\/page"}],"author":[{"embeddable":true,"href":"https:\/\/creagil.fr\/index.php\/wp-json\/wp\/v2\/users\/1"}],"replies":[{"embeddable":true,"href":"https:\/\/creagil.fr\/index.php\/wp-json\/wp\/v2\/comments?post=842"}],"version-history":[{"count":1,"href":"https:\/\/creagil.fr\/index.php\/wp-json\/wp\/v2\/pages\/842\/revisions"}],"predecessor-version":[{"id":843,"href":"https:\/\/creagil.fr\/index.php\/wp-json\/wp\/v2\/pages\/842\/revisions\/843"}],"wp:attachment":[{"href":"https:\/\/creagil.fr\/index.php\/wp-json\/wp\/v2\/media?parent=842"}],"curies":[{"name":"wp","href":"https:\/\/api.w.org\/{rel}","templated":true}]}}