{"id":1036,"date":"2024-07-27T08:21:00","date_gmt":"2024-07-27T08:21:00","guid":{"rendered":"https:\/\/creagil.fr\/?post_type=product&#038;p=1036"},"modified":"2024-07-27T08:36:27","modified_gmt":"2024-07-27T08:36:27","slug":"lampe-led-personnalisee","status":"publish","type":"product","link":"https:\/\/creagil.fr\/index.php\/product\/lampe-led-personnalisee\/","title":{"rendered":"Lampe LED personnalis\u00e9e"},"content":{"rendered":"<p>Lampe LED personnalis\u00e9e sur son support<br \/>T\u00e9l\u00e9commande permettant de changer la couleur<br \/>Support rechargeable<br \/>Diff\u00e9rents mod\u00e8les disponibles \u00e0 la demande<\/p>\n","protected":false},"excerpt":{"rendered":"<p>Lampe LED personnalisable<\/p>\n","protected":false},"featured_media":1047,"comment_status":"open","ping_status":"closed","template":"","meta":[],"product_cat":[36],"product_tag":[],"jetpack_sharing_enabled":true,"_links":{"self":[{"href":"https:\/\/creagil.fr\/index.php\/wp-json\/wp\/v2\/product\/1036"}],"collection":[{"href":"https:\/\/creagil.fr\/index.php\/wp-json\/wp\/v2\/product"}],"about":[{"href":"https:\/\/creagil.fr\/index.php\/wp-json\/wp\/v2\/types\/product"}],"replies":[{"embeddable":true,"href":"https:\/\/creagil.fr\/index.php\/wp-json\/wp\/v2\/comments?post=1036"}],"wp:featuredmedia":[{"embeddable":true,"href":"https:\/\/creagil.fr\/index.php\/wp-json\/wp\/v2\/media\/1047"}],"wp:attachment":[{"href":"https:\/\/creagil.fr\/index.php\/wp-json\/wp\/v2\/media?parent=1036"}],"wp:term":[{"taxonomy":"product_cat","embeddable":true,"href":"https:\/\/creagil.fr\/index.php\/wp-json\/wp\/v2\/product_cat?post=1036"},{"taxonomy":"product_tag","embeddable":true,"href":"https:\/\/creagil.fr\/index.php\/wp-json\/wp\/v2\/product_tag?post=1036"}],"curies":[{"name":"wp","href":"https:\/\/api.w.org\/{rel}","templated":true}]}}