{"id":478,"date":"2024-02-09T12:34:46","date_gmt":"2024-02-09T12:34:46","guid":{"rendered":"https:\/\/creagil.fr\/?post_type=product&#038;p=478"},"modified":"2024-03-03T17:10:04","modified_gmt":"2024-03-03T17:10:04","slug":"calendrier-perpetuel","status":"publish","type":"product","link":"https:\/\/creagil.fr\/index.php\/product\/calendrier-perpetuel\/","title":{"rendered":"Calendrier perp\u00e9tuel"},"content":{"rendered":"\n<p class=\"has-large-font-size\"><a href=\"https:\/\/creagil.fr\/index.php\/calendrier-perpetuel\/\">Formulaire pour votre calendrier perp\u00e9tuel<\/a><\/p>\n\n\n\n<p>Ce calendrier perp\u00e9tuel est compos\u00e9 de 2 couches MDF 3mm et farci d&rsquo;un contreplaqu\u00e9 de 3,6mm. Sa circonf\u00e9rence est de 130 mm.<br>Le texte et les silhouettes sont personnalisables.<br>Les frais d&rsquo;envoi se feront suivant la quantit\u00e9 et le poids<\/p>\n","protected":false},"excerpt":{"rendered":"<p>Calendrier perp\u00e9tuel \u00e0 personnaliser.<\/p>\n","protected":false},"featured_media":543,"comment_status":"open","ping_status":"closed","template":"","meta":[],"product_cat":[43],"product_tag":[],"jetpack_sharing_enabled":true,"_links":{"self":[{"href":"https:\/\/creagil.fr\/index.php\/wp-json\/wp\/v2\/product\/478"}],"collection":[{"href":"https:\/\/creagil.fr\/index.php\/wp-json\/wp\/v2\/product"}],"about":[{"href":"https:\/\/creagil.fr\/index.php\/wp-json\/wp\/v2\/types\/product"}],"replies":[{"embeddable":true,"href":"https:\/\/creagil.fr\/index.php\/wp-json\/wp\/v2\/comments?post=478"}],"wp:featuredmedia":[{"embeddable":true,"href":"https:\/\/creagil.fr\/index.php\/wp-json\/wp\/v2\/media\/543"}],"wp:attachment":[{"href":"https:\/\/creagil.fr\/index.php\/wp-json\/wp\/v2\/media?parent=478"}],"wp:term":[{"taxonomy":"product_cat","embeddable":true,"href":"https:\/\/creagil.fr\/index.php\/wp-json\/wp\/v2\/product_cat?post=478"},{"taxonomy":"product_tag","embeddable":true,"href":"https:\/\/creagil.fr\/index.php\/wp-json\/wp\/v2\/product_tag?post=478"}],"curies":[{"name":"wp","href":"https:\/\/api.w.org\/{rel}","templated":true}]}}