{"id":622,"date":"2024-02-25T09:50:16","date_gmt":"2024-02-25T09:50:16","guid":{"rendered":"https:\/\/creagil.fr\/?post_type=product&#038;p=622"},"modified":"2024-03-03T07:39:55","modified_gmt":"2024-03-03T07:39:55","slug":"boite-a-dosette-senseo","status":"publish","type":"product","link":"https:\/\/creagil.fr\/index.php\/product\/boite-a-dosette-senseo\/","title":{"rendered":"Bo\u00eete \u00e0 dosette Senseo"},"content":{"rendered":"\n<p class=\"has-large-font-size\"><a href=\"https:\/\/creagil.fr\/index.php\/boite-dosette-senseo\/\">Formulaire pour bo\u00eete dosette Senseo<\/a><\/p>\n\n\n\n<p>Cette bo\u00eete \u00e0 dosette Senseo est personnalisable \u00e0 souhait.<br>Les frais d&rsquo;envoi se feront suivant la quantit\u00e9 et le poids<\/p>\n","protected":false},"excerpt":{"rendered":"<p>Bo\u00eete Senseo personnalisable<\/p>\n","protected":false},"featured_media":621,"comment_status":"open","ping_status":"closed","template":"","meta":[],"product_cat":[43],"product_tag":[],"jetpack_sharing_enabled":true,"_links":{"self":[{"href":"https:\/\/creagil.fr\/index.php\/wp-json\/wp\/v2\/product\/622"}],"collection":[{"href":"https:\/\/creagil.fr\/index.php\/wp-json\/wp\/v2\/product"}],"about":[{"href":"https:\/\/creagil.fr\/index.php\/wp-json\/wp\/v2\/types\/product"}],"replies":[{"embeddable":true,"href":"https:\/\/creagil.fr\/index.php\/wp-json\/wp\/v2\/comments?post=622"}],"wp:featuredmedia":[{"embeddable":true,"href":"https:\/\/creagil.fr\/index.php\/wp-json\/wp\/v2\/media\/621"}],"wp:attachment":[{"href":"https:\/\/creagil.fr\/index.php\/wp-json\/wp\/v2\/media?parent=622"}],"wp:term":[{"taxonomy":"product_cat","embeddable":true,"href":"https:\/\/creagil.fr\/index.php\/wp-json\/wp\/v2\/product_cat?post=622"},{"taxonomy":"product_tag","embeddable":true,"href":"https:\/\/creagil.fr\/index.php\/wp-json\/wp\/v2\/product_tag?post=622"}],"curies":[{"name":"wp","href":"https:\/\/api.w.org\/{rel}","templated":true}]}}