{"id":623,"date":"2024-02-25T09:55:39","date_gmt":"2024-02-25T09:55:39","guid":{"rendered":"https:\/\/creagil.fr\/?post_type=product&#038;p=623"},"modified":"2024-03-03T17:21:33","modified_gmt":"2024-03-03T17:21:33","slug":"objets-de-decoration-pour-vos-plan-de-table-suivant-votre-theme-la-silhoette-est-personnalisable","status":"publish","type":"product","link":"https:\/\/creagil.fr\/index.php\/product\/objets-de-decoration-pour-vos-plan-de-table-suivant-votre-theme-la-silhoette-est-personnalisable\/","title":{"rendered":"Objets de d\u00e9coration pour vos plans de table suivant votre th\u00e8me."},"content":{"rendered":"\n<p class=\"has-large-font-size\"><a href=\"https:\/\/creagil.fr\/index.php\/plan-table-forme\/\">Formulaire pour votre pr\u00e9nom<\/a><\/p>\n\n\n\n<p>La d\u00e9coupe de la silhouette est personnalisable, et un pr\u00e9nom sera grav\u00e9 sur votre objet.<br>Fait en MDF de 3 mm.<br>Les frais d&rsquo;envoi se feront suivant la quantit\u00e9 et le poids<\/p>\n","protected":false},"excerpt":{"rendered":"<p>Plan de table<\/p>\n","protected":false},"featured_media":557,"comment_status":"open","ping_status":"closed","template":"","meta":[],"product_cat":[43],"product_tag":[],"jetpack_sharing_enabled":true,"_links":{"self":[{"href":"https:\/\/creagil.fr\/index.php\/wp-json\/wp\/v2\/product\/623"}],"collection":[{"href":"https:\/\/creagil.fr\/index.php\/wp-json\/wp\/v2\/product"}],"about":[{"href":"https:\/\/creagil.fr\/index.php\/wp-json\/wp\/v2\/types\/product"}],"replies":[{"embeddable":true,"href":"https:\/\/creagil.fr\/index.php\/wp-json\/wp\/v2\/comments?post=623"}],"wp:featuredmedia":[{"embeddable":true,"href":"https:\/\/creagil.fr\/index.php\/wp-json\/wp\/v2\/media\/557"}],"wp:attachment":[{"href":"https:\/\/creagil.fr\/index.php\/wp-json\/wp\/v2\/media?parent=623"}],"wp:term":[{"taxonomy":"product_cat","embeddable":true,"href":"https:\/\/creagil.fr\/index.php\/wp-json\/wp\/v2\/product_cat?post=623"},{"taxonomy":"product_tag","embeddable":true,"href":"https:\/\/creagil.fr\/index.php\/wp-json\/wp\/v2\/product_tag?post=623"}],"curies":[{"name":"wp","href":"https:\/\/api.w.org\/{rel}","templated":true}]}}