{"id":628,"date":"2024-02-25T10:19:15","date_gmt":"2024-02-25T10:19:15","guid":{"rendered":"https:\/\/creagil.fr\/?post_type=product&#038;p=628"},"modified":"2024-03-04T08:42:04","modified_gmt":"2024-03-04T08:42:04","slug":"logo-de-votre-club-ou-assossiation","status":"publish","type":"product","link":"https:\/\/creagil.fr\/index.php\/product\/logo-de-votre-club-ou-assossiation\/","title":{"rendered":"Logo de votre Club ou association"},"content":{"rendered":"\n<p class=\"has-large-font-size\"><a href=\"https:\/\/creagil.fr\/index.php\/transfert-sur-vetement\/\">Formulaire pour transfert<\/a><\/p>\n\n\n\n<p>Transfert sur v\u00eatement avec du Flex Premium. <br>Votre Logo sera plac\u00e9 sur l&rsquo;avant du v\u00eatement et \u00e0 une taille de 10 cm<br>Ce tarif est pour un exemplaire, prix d\u00e9gressif suivant la quantit\u00e9.<br>Les frais d&rsquo;envoi se feront suivant la quantit\u00e9 et le poids<\/p>\n","protected":false},"excerpt":{"rendered":"<p>Logo Club<\/p>\n","protected":false},"featured_media":587,"comment_status":"open","ping_status":"closed","template":"","meta":[],"product_cat":[38],"product_tag":[],"jetpack_sharing_enabled":true,"_links":{"self":[{"href":"https:\/\/creagil.fr\/index.php\/wp-json\/wp\/v2\/product\/628"}],"collection":[{"href":"https:\/\/creagil.fr\/index.php\/wp-json\/wp\/v2\/product"}],"about":[{"href":"https:\/\/creagil.fr\/index.php\/wp-json\/wp\/v2\/types\/product"}],"replies":[{"embeddable":true,"href":"https:\/\/creagil.fr\/index.php\/wp-json\/wp\/v2\/comments?post=628"}],"wp:featuredmedia":[{"embeddable":true,"href":"https:\/\/creagil.fr\/index.php\/wp-json\/wp\/v2\/media\/587"}],"wp:attachment":[{"href":"https:\/\/creagil.fr\/index.php\/wp-json\/wp\/v2\/media?parent=628"}],"wp:term":[{"taxonomy":"product_cat","embeddable":true,"href":"https:\/\/creagil.fr\/index.php\/wp-json\/wp\/v2\/product_cat?post=628"},{"taxonomy":"product_tag","embeddable":true,"href":"https:\/\/creagil.fr\/index.php\/wp-json\/wp\/v2\/product_tag?post=628"}],"curies":[{"name":"wp","href":"https:\/\/api.w.org\/{rel}","templated":true}]}}