{"id":630,"date":"2024-02-25T10:25:21","date_gmt":"2024-02-25T10:25:21","guid":{"rendered":"https:\/\/creagil.fr\/?post_type=product&#038;p=630"},"modified":"2024-03-04T08:38:39","modified_gmt":"2024-03-04T08:38:39","slug":"logo-ou-texte","status":"publish","type":"product","link":"https:\/\/creagil.fr\/index.php\/product\/logo-ou-texte\/","title":{"rendered":"Logo ou texte"},"content":{"rendered":"\n<p class=\"has-large-font-size\"><a href=\"https:\/\/creagil.fr\/index.php\/transfert-sur-vetement\/\">Formulaire pour transfert<\/a><\/p>\n\n\n\n<p>Un texte ou votre logo d&rsquo;un diam\u00e8tre de 20 cm au dos de vos v\u00eatements.<br>Le texte aura une hauteur de 5 cm<br>Ce tarif est pour un exemplaire, prix d\u00e9gressif suivant la quantit\u00e9.<br>Les frais d&rsquo;envoi se feront suivant la quantit\u00e9 et le poids<\/p>\n","protected":false},"excerpt":{"rendered":"<p>Logo ou texte<\/p>\n","protected":false},"featured_media":588,"comment_status":"open","ping_status":"closed","template":"","meta":[],"product_cat":[38],"product_tag":[],"jetpack_sharing_enabled":true,"_links":{"self":[{"href":"https:\/\/creagil.fr\/index.php\/wp-json\/wp\/v2\/product\/630"}],"collection":[{"href":"https:\/\/creagil.fr\/index.php\/wp-json\/wp\/v2\/product"}],"about":[{"href":"https:\/\/creagil.fr\/index.php\/wp-json\/wp\/v2\/types\/product"}],"replies":[{"embeddable":true,"href":"https:\/\/creagil.fr\/index.php\/wp-json\/wp\/v2\/comments?post=630"}],"wp:featuredmedia":[{"embeddable":true,"href":"https:\/\/creagil.fr\/index.php\/wp-json\/wp\/v2\/media\/588"}],"wp:attachment":[{"href":"https:\/\/creagil.fr\/index.php\/wp-json\/wp\/v2\/media?parent=630"}],"wp:term":[{"taxonomy":"product_cat","embeddable":true,"href":"https:\/\/creagil.fr\/index.php\/wp-json\/wp\/v2\/product_cat?post=630"},{"taxonomy":"product_tag","embeddable":true,"href":"https:\/\/creagil.fr\/index.php\/wp-json\/wp\/v2\/product_tag?post=630"}],"curies":[{"name":"wp","href":"https:\/\/api.w.org\/{rel}","templated":true}]}}