{"id":714,"date":"2024-02-25T14:23:51","date_gmt":"2024-02-25T14:23:51","guid":{"rendered":"https:\/\/creagil.fr\/?post_type=product&#038;p=714"},"modified":"2024-05-02T10:36:19","modified_gmt":"2024-05-02T10:36:19","slug":"arche-de-mariage","status":"publish","type":"product","link":"https:\/\/creagil.fr\/index.php\/product\/arche-de-mariage\/","title":{"rendered":"Arche de mariage"},"content":{"rendered":"\n<p class=\"has-large-font-size\"><strong><a href=\"https:\/\/creagil.fr\/index.php\/arche-de-mariage\/\">Formulaire pour l&rsquo;arche de mariage<\/a><\/strong><\/p>\n\n\n\n<p>L&rsquo;arche de mariage est d\u00e9coup\u00e9 dans du contre plaqu\u00e9 peuplier de 4 mm.<br>Il est en deux parties.<br>Ces mesures une fois assembl\u00e9es sont de : 37 cm X 37,5 cm environs.<br>Les frais d&rsquo;envoi se feront suivant la quantit\u00e9 et le poids<\/p>\n","protected":false},"excerpt":{"rendered":"<p>Arche de mariage<\/p>\n","protected":false},"featured_media":709,"comment_status":"open","ping_status":"closed","template":"","meta":[],"product_cat":[43],"product_tag":[],"jetpack_sharing_enabled":true,"_links":{"self":[{"href":"https:\/\/creagil.fr\/index.php\/wp-json\/wp\/v2\/product\/714"}],"collection":[{"href":"https:\/\/creagil.fr\/index.php\/wp-json\/wp\/v2\/product"}],"about":[{"href":"https:\/\/creagil.fr\/index.php\/wp-json\/wp\/v2\/types\/product"}],"replies":[{"embeddable":true,"href":"https:\/\/creagil.fr\/index.php\/wp-json\/wp\/v2\/comments?post=714"}],"wp:featuredmedia":[{"embeddable":true,"href":"https:\/\/creagil.fr\/index.php\/wp-json\/wp\/v2\/media\/709"}],"wp:attachment":[{"href":"https:\/\/creagil.fr\/index.php\/wp-json\/wp\/v2\/media?parent=714"}],"wp:term":[{"taxonomy":"product_cat","embeddable":true,"href":"https:\/\/creagil.fr\/index.php\/wp-json\/wp\/v2\/product_cat?post=714"},{"taxonomy":"product_tag","embeddable":true,"href":"https:\/\/creagil.fr\/index.php\/wp-json\/wp\/v2\/product_tag?post=714"}],"curies":[{"name":"wp","href":"https:\/\/api.w.org\/{rel}","templated":true}]}}