{"id":715,"date":"2024-02-25T14:27:16","date_gmt":"2024-02-25T14:27:16","guid":{"rendered":"https:\/\/creagil.fr\/?post_type=product&#038;p=715"},"modified":"2024-03-02T09:42:21","modified_gmt":"2024-03-02T09:42:21","slug":"arbre-de-vie","status":"publish","type":"product","link":"https:\/\/creagil.fr\/index.php\/product\/arbre-de-vie\/","title":{"rendered":"Arbre de vie"},"content":{"rendered":"\n<p class=\"has-large-font-size\"><a href=\"http:\/\/creagil.fr\/index.php\/arbre-de-vie-10-coeurs\/\">Formulaire pour vos pr\u00e9noms<\/a><\/p>\n\n\n\n<p><br>L&rsquo;arbre de vie est en contre plaqu\u00e9 de peuplier de 4mm d&rsquo;\u00e9paisseur.<br>Son diam\u00e8tre est de 35 cm.<br>Les c\u0153urs seront \u00e0 coller par vos soins.<br>il sera garni de 10 c\u0153urs personnalisables.<br>Des autres c\u0153urs peuvent \u00eatre ajout\u00e9s en option.<br>Les frais d&rsquo;envoi se feront suivant la quantit\u00e9 et le poids<\/p>\n","protected":false},"excerpt":{"rendered":"<p>Arbre de vie <\/p>\n","protected":false},"featured_media":710,"comment_status":"open","ping_status":"closed","template":"","meta":[],"product_cat":[43],"product_tag":[],"jetpack_sharing_enabled":true,"_links":{"self":[{"href":"https:\/\/creagil.fr\/index.php\/wp-json\/wp\/v2\/product\/715"}],"collection":[{"href":"https:\/\/creagil.fr\/index.php\/wp-json\/wp\/v2\/product"}],"about":[{"href":"https:\/\/creagil.fr\/index.php\/wp-json\/wp\/v2\/types\/product"}],"replies":[{"embeddable":true,"href":"https:\/\/creagil.fr\/index.php\/wp-json\/wp\/v2\/comments?post=715"}],"wp:featuredmedia":[{"embeddable":true,"href":"https:\/\/creagil.fr\/index.php\/wp-json\/wp\/v2\/media\/710"}],"wp:attachment":[{"href":"https:\/\/creagil.fr\/index.php\/wp-json\/wp\/v2\/media?parent=715"}],"wp:term":[{"taxonomy":"product_cat","embeddable":true,"href":"https:\/\/creagil.fr\/index.php\/wp-json\/wp\/v2\/product_cat?post=715"},{"taxonomy":"product_tag","embeddable":true,"href":"https:\/\/creagil.fr\/index.php\/wp-json\/wp\/v2\/product_tag?post=715"}],"curies":[{"name":"wp","href":"https:\/\/api.w.org\/{rel}","templated":true}]}}