{"id":718,"date":"2024-02-25T14:49:53","date_gmt":"2024-02-25T14:49:53","guid":{"rendered":"https:\/\/creagil.fr\/?post_type=product&#038;p=718"},"modified":"2024-03-01T08:08:54","modified_gmt":"2024-03-01T08:08:54","slug":"fleur-de-vie-10-cm","status":"publish","type":"product","link":"https:\/\/creagil.fr\/index.php\/product\/fleur-de-vie-10-cm\/","title":{"rendered":"Fleur de vie 10 cm"},"content":{"rendered":"<p>Cette fleur de vie bien d\u00e9taill\u00e9e sera parfaite pour recharger vos pierres.<br \/>Elle a un diam\u00e8tre de 10 cm d\u00e9coup\u00e9e dans du MDF de 3mm.<br \/>Les frais d&rsquo;envoi se feront suivant la quantit\u00e9 et le poids<\/p>\n","protected":false},"excerpt":{"rendered":"<p>Fleur de vie<\/p>\n","protected":false},"featured_media":698,"comment_status":"open","ping_status":"closed","template":"","meta":[],"product_cat":[43],"product_tag":[],"jetpack_sharing_enabled":true,"_links":{"self":[{"href":"https:\/\/creagil.fr\/index.php\/wp-json\/wp\/v2\/product\/718"}],"collection":[{"href":"https:\/\/creagil.fr\/index.php\/wp-json\/wp\/v2\/product"}],"about":[{"href":"https:\/\/creagil.fr\/index.php\/wp-json\/wp\/v2\/types\/product"}],"replies":[{"embeddable":true,"href":"https:\/\/creagil.fr\/index.php\/wp-json\/wp\/v2\/comments?post=718"}],"wp:featuredmedia":[{"embeddable":true,"href":"https:\/\/creagil.fr\/index.php\/wp-json\/wp\/v2\/media\/698"}],"wp:attachment":[{"href":"https:\/\/creagil.fr\/index.php\/wp-json\/wp\/v2\/media?parent=718"}],"wp:term":[{"taxonomy":"product_cat","embeddable":true,"href":"https:\/\/creagil.fr\/index.php\/wp-json\/wp\/v2\/product_cat?post=718"},{"taxonomy":"product_tag","embeddable":true,"href":"https:\/\/creagil.fr\/index.php\/wp-json\/wp\/v2\/product_tag?post=718"}],"curies":[{"name":"wp","href":"https:\/\/api.w.org\/{rel}","templated":true}]}}