{"id":735,"date":"2024-02-25T15:41:49","date_gmt":"2024-02-25T15:41:49","guid":{"rendered":"https:\/\/creagil.fr\/?post_type=product&#038;p=735"},"modified":"2024-03-01T08:15:28","modified_gmt":"2024-03-01T08:15:28","slug":"porte-cle-mural-oiseaux","status":"publish","type":"product","link":"https:\/\/creagil.fr\/index.php\/product\/porte-cle-mural-oiseaux\/","title":{"rendered":"Porte cl\u00e9 mural oiseaux"},"content":{"rendered":"<p>Porte cl\u00e9 \u00e0 fixer au mur pour suspendre 5 trousseaux.<br \/>Il est compos\u00e9 de MDF 3 mm et de contre plaqu\u00e9 peuplier de 4 mm.<br \/>Ses dimensions sont de 180 cm X 190 cm environs.<br \/>Les frais d&rsquo;envoi se feront suivant la quantit\u00e9 et le poids<\/p>\n","protected":false},"excerpt":{"rendered":"<p>Porte cl\u00e9 oiseaux<\/p>\n","protected":false},"featured_media":704,"comment_status":"open","ping_status":"closed","template":"","meta":[],"product_cat":[43],"product_tag":[],"jetpack_sharing_enabled":true,"_links":{"self":[{"href":"https:\/\/creagil.fr\/index.php\/wp-json\/wp\/v2\/product\/735"}],"collection":[{"href":"https:\/\/creagil.fr\/index.php\/wp-json\/wp\/v2\/product"}],"about":[{"href":"https:\/\/creagil.fr\/index.php\/wp-json\/wp\/v2\/types\/product"}],"replies":[{"embeddable":true,"href":"https:\/\/creagil.fr\/index.php\/wp-json\/wp\/v2\/comments?post=735"}],"wp:featuredmedia":[{"embeddable":true,"href":"https:\/\/creagil.fr\/index.php\/wp-json\/wp\/v2\/media\/704"}],"wp:attachment":[{"href":"https:\/\/creagil.fr\/index.php\/wp-json\/wp\/v2\/media?parent=735"}],"wp:term":[{"taxonomy":"product_cat","embeddable":true,"href":"https:\/\/creagil.fr\/index.php\/wp-json\/wp\/v2\/product_cat?post=735"},{"taxonomy":"product_tag","embeddable":true,"href":"https:\/\/creagil.fr\/index.php\/wp-json\/wp\/v2\/product_tag?post=735"}],"curies":[{"name":"wp","href":"https:\/\/api.w.org\/{rel}","templated":true}]}}