{"id":751,"date":"2024-02-27T16:14:23","date_gmt":"2024-02-27T16:14:23","guid":{"rendered":"https:\/\/creagil.fr\/?post_type=product&#038;p=751"},"modified":"2024-04-01T13:43:57","modified_gmt":"2024-04-01T13:43:57","slug":"porte-cle-sublime","status":"publish","type":"product","link":"https:\/\/creagil.fr\/index.php\/product\/porte-cle-sublime\/","title":{"rendered":"Porte cl\u00e9 sublim\u00e9"},"content":{"rendered":"\n<p class=\"has-large-font-size\"><a href=\"https:\/\/creagil.fr\/index.php\/porte-cle-sublimation\/\">Formulaire pour votre porte-cl\u00e9<\/a><\/p>\n\n\n\n<p>Ce porte cl\u00e9 de 5 cm de diam\u00e8tre est sublimable sur les deux faces avec votre photo ou image,sur le recto et un pr\u00e9nom ou date sur le verso.<br>Les frais d&rsquo;envoi se feront suivant la quantit\u00e9 et le poids<\/p>\n","protected":false},"excerpt":{"rendered":"<p>Porte cl\u00e9 sublim\u00e9<\/p>\n","protected":false},"featured_media":576,"comment_status":"open","ping_status":"closed","template":"","meta":[],"product_cat":[39],"product_tag":[],"jetpack_sharing_enabled":true,"_links":{"self":[{"href":"https:\/\/creagil.fr\/index.php\/wp-json\/wp\/v2\/product\/751"}],"collection":[{"href":"https:\/\/creagil.fr\/index.php\/wp-json\/wp\/v2\/product"}],"about":[{"href":"https:\/\/creagil.fr\/index.php\/wp-json\/wp\/v2\/types\/product"}],"replies":[{"embeddable":true,"href":"https:\/\/creagil.fr\/index.php\/wp-json\/wp\/v2\/comments?post=751"}],"wp:featuredmedia":[{"embeddable":true,"href":"https:\/\/creagil.fr\/index.php\/wp-json\/wp\/v2\/media\/576"}],"wp:attachment":[{"href":"https:\/\/creagil.fr\/index.php\/wp-json\/wp\/v2\/media?parent=751"}],"wp:term":[{"taxonomy":"product_cat","embeddable":true,"href":"https:\/\/creagil.fr\/index.php\/wp-json\/wp\/v2\/product_cat?post=751"},{"taxonomy":"product_tag","embeddable":true,"href":"https:\/\/creagil.fr\/index.php\/wp-json\/wp\/v2\/product_tag?post=751"}],"curies":[{"name":"wp","href":"https:\/\/api.w.org\/{rel}","templated":true}]}}