{"id":754,"date":"2024-02-27T16:45:45","date_gmt":"2024-02-27T16:45:45","guid":{"rendered":"https:\/\/creagil.fr\/?post_type=product&#038;p=754"},"modified":"2024-03-01T08:21:23","modified_gmt":"2024-03-01T08:21:23","slug":"presentoir-12-oeufs","status":"publish","type":"product","link":"https:\/\/creagil.fr\/index.php\/product\/presentoir-12-oeufs\/","title":{"rendered":"Pr\u00e9sentoir 12 \u0153ufs"},"content":{"rendered":"<p>Ce pr\u00e9sentoir bien d\u00e9cor\u00e9 peut contenir 12 \u0153ufs.<br \/>Il est en MDF 3 mm et ses dimensions sont : 28 cm X 17 ,5 cm environs.<br \/>Les frais d&rsquo;envoi se feront suivant la quantit\u00e9 et le poids<\/p>\n","protected":false},"excerpt":{"rendered":"<p>Pr\u00e9sentoir de 12 \u0153ufs<\/p>\n","protected":false},"featured_media":705,"comment_status":"open","ping_status":"closed","template":"","meta":[],"product_cat":[32],"product_tag":[],"jetpack_sharing_enabled":true,"_links":{"self":[{"href":"https:\/\/creagil.fr\/index.php\/wp-json\/wp\/v2\/product\/754"}],"collection":[{"href":"https:\/\/creagil.fr\/index.php\/wp-json\/wp\/v2\/product"}],"about":[{"href":"https:\/\/creagil.fr\/index.php\/wp-json\/wp\/v2\/types\/product"}],"replies":[{"embeddable":true,"href":"https:\/\/creagil.fr\/index.php\/wp-json\/wp\/v2\/comments?post=754"}],"wp:featuredmedia":[{"embeddable":true,"href":"https:\/\/creagil.fr\/index.php\/wp-json\/wp\/v2\/media\/705"}],"wp:attachment":[{"href":"https:\/\/creagil.fr\/index.php\/wp-json\/wp\/v2\/media?parent=754"}],"wp:term":[{"taxonomy":"product_cat","embeddable":true,"href":"https:\/\/creagil.fr\/index.php\/wp-json\/wp\/v2\/product_cat?post=754"},{"taxonomy":"product_tag","embeddable":true,"href":"https:\/\/creagil.fr\/index.php\/wp-json\/wp\/v2\/product_tag?post=754"}],"curies":[{"name":"wp","href":"https:\/\/api.w.org\/{rel}","templated":true}]}}