{"id":755,"date":"2024-02-27T16:53:56","date_gmt":"2024-02-27T16:53:56","guid":{"rendered":"https:\/\/creagil.fr\/?post_type=product&#038;p=755"},"modified":"2024-03-03T16:58:12","modified_gmt":"2024-03-03T16:58:12","slug":"calendrier-anniversaire","status":"publish","type":"product","link":"https:\/\/creagil.fr\/index.php\/product\/calendrier-anniversaire\/","title":{"rendered":"Calendrier anniversaire"},"content":{"rendered":"\n<p class=\"has-large-font-size\"><a href=\"https:\/\/creagil.fr\/index.php\/calendrier-anniversaire\/\">Formulaire pour vos dates et pr\u00e9noms<\/a><\/p>\n\n\n\n<p>Ce Calendrier anniversaire \u00e0 suspendre est en peuplier 4 mm, il sera livr\u00e9 avec 20 ronds personnalis\u00e9s d&rsquo;un diam\u00e8tre de 25 mm environs.<br>Possibilit\u00e9 d&rsquo;avoir des ronds suppl\u00e9mentaires.<br>Ses mesures sont de 37 cm X 10 cm environs. Sa hauteur d\u00e9pend du nombre de rond.<br>Les frais d&rsquo;envoi se feront suivant la quantit\u00e9 et le poids<\/p>\n","protected":false},"excerpt":{"rendered":"<p>Calendrier anniversaire<\/p>\n","protected":false},"featured_media":606,"comment_status":"open","ping_status":"closed","template":"","meta":[],"product_cat":[43],"product_tag":[],"jetpack_sharing_enabled":true,"_links":{"self":[{"href":"https:\/\/creagil.fr\/index.php\/wp-json\/wp\/v2\/product\/755"}],"collection":[{"href":"https:\/\/creagil.fr\/index.php\/wp-json\/wp\/v2\/product"}],"about":[{"href":"https:\/\/creagil.fr\/index.php\/wp-json\/wp\/v2\/types\/product"}],"replies":[{"embeddable":true,"href":"https:\/\/creagil.fr\/index.php\/wp-json\/wp\/v2\/comments?post=755"}],"wp:featuredmedia":[{"embeddable":true,"href":"https:\/\/creagil.fr\/index.php\/wp-json\/wp\/v2\/media\/606"}],"wp:attachment":[{"href":"https:\/\/creagil.fr\/index.php\/wp-json\/wp\/v2\/media?parent=755"}],"wp:term":[{"taxonomy":"product_cat","embeddable":true,"href":"https:\/\/creagil.fr\/index.php\/wp-json\/wp\/v2\/product_cat?post=755"},{"taxonomy":"product_tag","embeddable":true,"href":"https:\/\/creagil.fr\/index.php\/wp-json\/wp\/v2\/product_tag?post=755"}],"curies":[{"name":"wp","href":"https:\/\/api.w.org\/{rel}","templated":true}]}}