{"id":758,"date":"2024-02-27T19:47:45","date_gmt":"2024-02-27T19:47:45","guid":{"rendered":"https:\/\/creagil.fr\/?post_type=product&#038;p=758"},"modified":"2024-03-18T17:28:33","modified_gmt":"2024-03-18T17:28:33","slug":"lestickers","status":"publish","type":"product","link":"https:\/\/creagil.fr\/index.php\/product\/lestickers\/","title":{"rendered":"Stickers"},"content":{"rendered":"\n<p class=\"has-large-font-size\"><a href=\"https:\/\/creagil.fr\/index.php\/les-stickers-2\/\">Formulaire pour vos stickers<\/a><\/p>\n\n\n\n<p>D\u00e9corez vos murs, vos portes, vos vases, m\u00eame les battants des cuvettes de toilette avec des stickers personnalis\u00e9s, oiseaux, papillons, fleurs, silhouettes diverses, texte ou toute autre id\u00e9e.<br>Les frais d&rsquo;envoi se feront suivant la quantit\u00e9 et le poids<\/p>\n","protected":false},"excerpt":{"rendered":"<p>Personnalisez votre maison<\/p>\n","protected":false},"featured_media":859,"comment_status":"open","ping_status":"closed","template":"","meta":[],"product_cat":[37],"product_tag":[],"jetpack_sharing_enabled":true,"_links":{"self":[{"href":"https:\/\/creagil.fr\/index.php\/wp-json\/wp\/v2\/product\/758"}],"collection":[{"href":"https:\/\/creagil.fr\/index.php\/wp-json\/wp\/v2\/product"}],"about":[{"href":"https:\/\/creagil.fr\/index.php\/wp-json\/wp\/v2\/types\/product"}],"replies":[{"embeddable":true,"href":"https:\/\/creagil.fr\/index.php\/wp-json\/wp\/v2\/comments?post=758"}],"wp:featuredmedia":[{"embeddable":true,"href":"https:\/\/creagil.fr\/index.php\/wp-json\/wp\/v2\/media\/859"}],"wp:attachment":[{"href":"https:\/\/creagil.fr\/index.php\/wp-json\/wp\/v2\/media?parent=758"}],"wp:term":[{"taxonomy":"product_cat","embeddable":true,"href":"https:\/\/creagil.fr\/index.php\/wp-json\/wp\/v2\/product_cat?post=758"},{"taxonomy":"product_tag","embeddable":true,"href":"https:\/\/creagil.fr\/index.php\/wp-json\/wp\/v2\/product_tag?post=758"}],"curies":[{"name":"wp","href":"https:\/\/api.w.org\/{rel}","templated":true}]}}