{"id":764,"date":"2024-02-28T12:13:42","date_gmt":"2024-02-28T12:13:42","guid":{"rendered":"https:\/\/creagil.fr\/?post_type=product&#038;p=764"},"modified":"2024-03-04T09:07:00","modified_gmt":"2024-03-04T09:07:00","slug":"planche-a-decouper","status":"publish","type":"product","link":"https:\/\/creagil.fr\/index.php\/product\/planche-a-decouper\/","title":{"rendered":"Planche \u00e0 d\u00e9couper"},"content":{"rendered":"\n<p class=\"has-large-font-size\"><a href=\"https:\/\/creagil.fr\/index.php\/planche-et-couteaux\/\">Formulaire Planche et couteaux<\/a><\/p>\n\n\n\n<p>Planche en bambou de 35 cm X 25 cm personnalisable tout comme les manches de couteau et ou les lames.<br>Les frais d&rsquo;envoi se feront suivant la quantit\u00e9 et le poids<\/p>\n","protected":false},"excerpt":{"rendered":"<p>Planche \u00e0 d\u00e9couper 3 couteaux \u00e0 personnaliser<\/p>\n","protected":false},"featured_media":762,"comment_status":"open","ping_status":"closed","template":"","meta":[],"product_cat":[43],"product_tag":[],"jetpack_sharing_enabled":true,"_links":{"self":[{"href":"https:\/\/creagil.fr\/index.php\/wp-json\/wp\/v2\/product\/764"}],"collection":[{"href":"https:\/\/creagil.fr\/index.php\/wp-json\/wp\/v2\/product"}],"about":[{"href":"https:\/\/creagil.fr\/index.php\/wp-json\/wp\/v2\/types\/product"}],"replies":[{"embeddable":true,"href":"https:\/\/creagil.fr\/index.php\/wp-json\/wp\/v2\/comments?post=764"}],"wp:featuredmedia":[{"embeddable":true,"href":"https:\/\/creagil.fr\/index.php\/wp-json\/wp\/v2\/media\/762"}],"wp:attachment":[{"href":"https:\/\/creagil.fr\/index.php\/wp-json\/wp\/v2\/media?parent=764"}],"wp:term":[{"taxonomy":"product_cat","embeddable":true,"href":"https:\/\/creagil.fr\/index.php\/wp-json\/wp\/v2\/product_cat?post=764"},{"taxonomy":"product_tag","embeddable":true,"href":"https:\/\/creagil.fr\/index.php\/wp-json\/wp\/v2\/product_tag?post=764"}],"curies":[{"name":"wp","href":"https:\/\/api.w.org\/{rel}","templated":true}]}}