{"id":944,"date":"2024-03-21T08:26:44","date_gmt":"2024-03-21T08:26:44","guid":{"rendered":"https:\/\/creagil.fr\/?post_type=product&#038;p=944"},"modified":"2024-05-22T15:07:00","modified_gmt":"2024-05-22T15:07:00","slug":"boite-avec-stylo","status":"publish","type":"product","link":"https:\/\/creagil.fr\/index.php\/product\/boite-avec-stylo\/","title":{"rendered":"Bo\u00eete avec stylo"},"content":{"rendered":"\n<p class=\"has-large-font-size\"><a href=\"https:\/\/creagil.fr\/index.php\/boite-avec-stylo\/\">Formulaire pour la bo\u00eete et le stylo<\/a><\/p>\n\n\n\n<p>Bo\u00eete en MDF stratifi\u00e9 bambou avec stylo bambou.<br>La bo\u00eete et le stylo sont personnalisables<\/p>\n","protected":false},"excerpt":{"rendered":"<p>Boite avec stylo<\/p>\n","protected":false},"featured_media":933,"comment_status":"open","ping_status":"closed","template":"","meta":[],"product_cat":[43],"product_tag":[],"jetpack_sharing_enabled":true,"_links":{"self":[{"href":"https:\/\/creagil.fr\/index.php\/wp-json\/wp\/v2\/product\/944"}],"collection":[{"href":"https:\/\/creagil.fr\/index.php\/wp-json\/wp\/v2\/product"}],"about":[{"href":"https:\/\/creagil.fr\/index.php\/wp-json\/wp\/v2\/types\/product"}],"replies":[{"embeddable":true,"href":"https:\/\/creagil.fr\/index.php\/wp-json\/wp\/v2\/comments?post=944"}],"wp:featuredmedia":[{"embeddable":true,"href":"https:\/\/creagil.fr\/index.php\/wp-json\/wp\/v2\/media\/933"}],"wp:attachment":[{"href":"https:\/\/creagil.fr\/index.php\/wp-json\/wp\/v2\/media?parent=944"}],"wp:term":[{"taxonomy":"product_cat","embeddable":true,"href":"https:\/\/creagil.fr\/index.php\/wp-json\/wp\/v2\/product_cat?post=944"},{"taxonomy":"product_tag","embeddable":true,"href":"https:\/\/creagil.fr\/index.php\/wp-json\/wp\/v2\/product_tag?post=944"}],"curies":[{"name":"wp","href":"https:\/\/api.w.org\/{rel}","templated":true}]}}