{"id":958,"date":"2024-03-22T10:29:24","date_gmt":"2024-03-22T10:29:24","guid":{"rendered":"https:\/\/creagil.fr\/?post_type=product&#038;p=958"},"modified":"2024-03-22T10:40:58","modified_gmt":"2024-03-22T10:40:58","slug":"transfert-t-shirt","status":"publish","type":"product","link":"https:\/\/creagil.fr\/index.php\/product\/transfert-t-shirt\/","title":{"rendered":"Transfert T shirt ou veste"},"content":{"rendered":"<p>Transfert \u00e9labor\u00e9 avec du flex Pr\u00e9mium sur T shirt ou veste<\/p>\n","protected":false},"excerpt":{"rendered":"<p>Transfert \u00e9labor\u00e9 sur  T shirt ou veste<\/p>\n","protected":false},"featured_media":956,"comment_status":"open","ping_status":"closed","template":"","meta":[],"product_cat":[38],"product_tag":[],"jetpack_sharing_enabled":true,"_links":{"self":[{"href":"https:\/\/creagil.fr\/index.php\/wp-json\/wp\/v2\/product\/958"}],"collection":[{"href":"https:\/\/creagil.fr\/index.php\/wp-json\/wp\/v2\/product"}],"about":[{"href":"https:\/\/creagil.fr\/index.php\/wp-json\/wp\/v2\/types\/product"}],"replies":[{"embeddable":true,"href":"https:\/\/creagil.fr\/index.php\/wp-json\/wp\/v2\/comments?post=958"}],"wp:featuredmedia":[{"embeddable":true,"href":"https:\/\/creagil.fr\/index.php\/wp-json\/wp\/v2\/media\/956"}],"wp:attachment":[{"href":"https:\/\/creagil.fr\/index.php\/wp-json\/wp\/v2\/media?parent=958"}],"wp:term":[{"taxonomy":"product_cat","embeddable":true,"href":"https:\/\/creagil.fr\/index.php\/wp-json\/wp\/v2\/product_cat?post=958"},{"taxonomy":"product_tag","embeddable":true,"href":"https:\/\/creagil.fr\/index.php\/wp-json\/wp\/v2\/product_tag?post=958"}],"curies":[{"name":"wp","href":"https:\/\/api.w.org\/{rel}","templated":true}]}}