{"id":978,"date":"2024-03-24T09:11:14","date_gmt":"2024-03-24T09:11:14","guid":{"rendered":"https:\/\/creagil.fr\/?post_type=product&#038;p=978"},"modified":"2024-03-24T13:39:57","modified_gmt":"2024-03-24T13:39:57","slug":"miroir-coeur","status":"publish","type":"product","link":"https:\/\/creagil.fr\/index.php\/product\/miroir-coeur\/","title":{"rendered":"Miroir coeur"},"content":{"rendered":"\n<p class=\"has-large-font-size\"><a href=\"https:\/\/creagil.fr\/index.php\/miroir-coeur\/\">Formulaire pour le miroir<\/a><\/p>\n\n\n\n<p>Miroir c\u0153ur \u00e0 personnaliser, par la gravure o\u00f9 par la sublimation avec votre photo<\/p>\n","protected":false},"excerpt":{"rendered":"<p>Miroir c\u0153ur \u00e0 personnaliser<\/p>\n","protected":false},"featured_media":979,"comment_status":"open","ping_status":"closed","template":"","meta":[],"product_cat":[36,39],"product_tag":[],"jetpack_sharing_enabled":true,"_links":{"self":[{"href":"https:\/\/creagil.fr\/index.php\/wp-json\/wp\/v2\/product\/978"}],"collection":[{"href":"https:\/\/creagil.fr\/index.php\/wp-json\/wp\/v2\/product"}],"about":[{"href":"https:\/\/creagil.fr\/index.php\/wp-json\/wp\/v2\/types\/product"}],"replies":[{"embeddable":true,"href":"https:\/\/creagil.fr\/index.php\/wp-json\/wp\/v2\/comments?post=978"}],"wp:featuredmedia":[{"embeddable":true,"href":"https:\/\/creagil.fr\/index.php\/wp-json\/wp\/v2\/media\/979"}],"wp:attachment":[{"href":"https:\/\/creagil.fr\/index.php\/wp-json\/wp\/v2\/media?parent=978"}],"wp:term":[{"taxonomy":"product_cat","embeddable":true,"href":"https:\/\/creagil.fr\/index.php\/wp-json\/wp\/v2\/product_cat?post=978"},{"taxonomy":"product_tag","embeddable":true,"href":"https:\/\/creagil.fr\/index.php\/wp-json\/wp\/v2\/product_tag?post=978"}],"curies":[{"name":"wp","href":"https:\/\/api.w.org\/{rel}","templated":true}]}}